{"id":162,"date":"2025-09-22T14:52:48","date_gmt":"2025-09-22T12:52:48","guid":{"rendered":"https:\/\/www.marcellomilani.it\/privacy-policy\/"},"modified":"2026-02-28T14:18:55","modified_gmt":"2026-02-28T13:18:55","slug":"privacy-policy","status":"publish","type":"page","link":"https:\/\/www.marcellomilani.it\/hr\/privacy-policy\/","title":{"rendered":"Privacy Policy"},"content":{"rendered":"<header>\n<h2>Politika privatnosti (uskla\u0111ena s GDPR-om)<\/h2>\n<\/header>\n<div class=\"privacy-content\">\n<h3>1. Voditelj obrade<\/h3>\n<p>Voditelj obrade osobnih podataka je:<\/p>\n<p><strong>Farmacia Al Carso<\/strong><br \/>\nVIA IGO GRUDEN 27<br \/>\nTel: 040 226165<br \/>\nEmail: info@www.marcellomilani.it<br \/>\nOIB\/PDV: 01385190325<\/p>\n<h3>2. Vrste prikupljenih podataka<\/h3>\n<p>Me\u0111u osobnim podacima koje ova web stranica prikuplja samostalno ili putem tre\u0107ih strana nalaze se:<\/p>\n<ul>\n<li>Ime i prezime<\/li>\n<li>Email adresa<\/li>\n<li>Broj telefona<\/li>\n<li>Adresa prebivali\u0161ta<\/li>\n<li>Podaci o lijekovima i zdravlju (samo ako su dobrovoljno dostavljeni)<\/li>\n<li>Kola\u010di\u0107i i podaci o kori\u0161tenju<\/li>\n<\/ul>\n<h3>3. Svrha obrade<\/h3>\n<p>Osobni podaci prikupljaju se u sljede\u0107e svrhe:<\/p>\n<ul>\n<li>Pru\u017eanje zatra\u017eenih farmaceutskih usluga<\/li>\n<li>Upravljanje kontakt zahtjevima<\/li>\n<li>Rezervacija i preuzimanje lijekova<\/li>\n<li>Slanje obavijesti vezanih uz usluge<\/li>\n<li>Ispunjavanje zakonskih obveza<\/li>\n<li>Upravljanje privolom za marketing<\/li>\n<\/ul>\n<h3>4. Pravna osnova obrade<\/h3>\n<p>Podaci se obra\u0111uju na temelju:<\/p>\n<ul>\n<li>Privole ispitanika<\/li>\n<li>Izvr\u0161enja ugovora<\/li>\n<li>Ispunjavanja zakonskih obveza<\/li>\n<li>Legitimnog interesa voditelja obrade<\/li>\n<\/ul>\n<h3>5. Na\u010din obrade<\/h3>\n<p>Osobni podaci obra\u0111uju se ru\u010dnim, informati\u010dkim i telemati\u010dkim sredstvima, uz organizacijske i logi\u010dke postupke koji su strogo povezani s navedenim svrhama.<\/p>\n<h3>6. Pohrana podataka<\/h3>\n<p>Osobni podaci \u010duvaju se onoliko dugo koliko je potrebno za ostvarenje svrhe za koju su prikupljeni, u skladu s va\u017ee\u0107im propisima.<\/p>\n<h3>7. Prava ispitanika<\/h3>\n<p>Ispitanik ima pravo:<\/p>\n<ul>\n<li>Pristupiti svojim osobnim podacima<\/li>\n<li>Zatra\u017eiti ispravak ili brisanje<\/li>\n<li>Zatra\u017eiti ograni\u010denje obrade<\/li>\n<li>Ulo\u017eiti prigovor na obradu<\/li>\n<li>Zatra\u017eiti prenosivost podataka<\/li>\n<li>Povu\u0107i privolu u bilo kojem trenutku<\/li>\n<li>Podnijeti pritu\u017ebu nadzornom tijelu<\/li>\n<\/ul>\n<h3>8. Dijeljenje podataka<\/h3>\n<p>Podaci se mogu dostaviti:<\/p>\n<ul>\n<li>Pru\u017eateljima tehni\u010dkih usluga<\/li>\n<li>Nadle\u017enim tijelima radi zakonskih obveza<\/li>\n<li>Stru\u010dnjacima i savjetnicima<\/li>\n<li>Bankama za potrebe pla\u0107anja<\/li>\n<\/ul>\n<h3>9. Prijenos podataka u tre\u0107e zemlje<\/h3>\n<p>Podaci se ne prenose u zemlje izvan Europske unije.<\/p>\n<h3>10. Izmjene politike privatnosti<\/h3>\n<p>Ova politika privatnosti mo\u017ee se povremeno a\u017eurirati. Izmjene \u0107e biti objavljene objavom nove verzije na ovoj web stranici.<\/p>\n<h3>11. Kontakti<\/h3>\n<p>Za ostvarivanje svojih prava ili za dodatna poja\u0161njenja u vezi s obradom osobnih podataka mo\u017eete kontaktirati voditelja obrade:<\/p>\n<p>Email:<br \/>\nTelefon: 040 226165<\/p>\n<p><em>Zadnje a\u017euriranje: 28\/02\/2026<\/em>\n<\/div>\n","protected":false},"excerpt":{"rendered":"<p>Politika privatnosti (uskla\u0111ena s GDPR-om) 1. Voditelj obrade Voditelj obrade osobnih podataka je: Farmacia Al Carso VIA IGO GRUDEN 27 [&hellip;]<\/p>\n","protected":false},"author":1,"featured_media":0,"parent":0,"menu_order":0,"comment_status":"closed","ping_status":"open","template":"","meta":{"footnotes":""},"class_list":["post-162","page","type-page","status-publish","hentry"],"_links":{"self":[{"href":"https:\/\/www.marcellomilani.it\/hr\/wp-json\/wp\/v2\/pages\/162","targetHints":{"allow":["GET"]}}],"collection":[{"href":"https:\/\/www.marcellomilani.it\/hr\/wp-json\/wp\/v2\/pages"}],"about":[{"href":"https:\/\/www.marcellomilani.it\/hr\/wp-json\/wp\/v2\/types\/page"}],"author":[{"embeddable":true,"href":"https:\/\/www.marcellomilani.it\/hr\/wp-json\/wp\/v2\/users\/1"}],"replies":[{"embeddable":true,"href":"https:\/\/www.marcellomilani.it\/hr\/wp-json\/wp\/v2\/comments?post=162"}],"version-history":[{"count":3,"href":"https:\/\/www.marcellomilani.it\/hr\/wp-json\/wp\/v2\/pages\/162\/revisions"}],"predecessor-version":[{"id":394,"href":"https:\/\/www.marcellomilani.it\/hr\/wp-json\/wp\/v2\/pages\/162\/revisions\/394"}],"wp:attachment":[{"href":"https:\/\/www.marcellomilani.it\/hr\/wp-json\/wp\/v2\/media?parent=162"}],"curies":[{"name":"wp","href":"https:\/\/api.w.org\/{rel}","templated":true}]}}